{"id":180,"date":"2014-11-27T21:46:09","date_gmt":"2014-11-28T02:46:09","guid":{"rendered":"https:\/\/www.alphaventure.ca\/?page_id=180"},"modified":"2020-08-11T10:16:57","modified_gmt":"2020-08-11T14:16:57","slug":"alphaventure-game-rules","status":"publish","type":"page","link":"https:\/\/www.alphaventure.ca\/en\/alphaventure-game-rules\/","title":{"rendered":"Alphaventure: Game Rules"},"content":{"rendered":"<div class=\"wpb-content-wrapper\"><p>[vc_row row_height_percent=&#8221;0&#8243; override_padding=&#8221;yes&#8221; h_padding=&#8221;2&#8243; top_padding=&#8221;4&#8243; bottom_padding=&#8221;0&#8243; back_color=&#8221;color-xsdn&#8221; overlay_alpha=&#8221;50&#8243; gutter_size=&#8221;3&#8243; column_width_percent=&#8221;100&#8243; shift_y=&#8221;0&#8243; z_index=&#8221;2&#8243;][vc_column column_width_use_pixel=&#8221;yes&#8221; position_vertical=&#8221;middle&#8221; align_horizontal=&#8221;align_center&#8221; gutter_size=&#8221;3&#8243; overlay_alpha=&#8221;50&#8243; shift_x=&#8221;0&#8243; shift_y=&#8221;0&#8243; shift_y_down=&#8221;-5&#8243; shift_y_down_fixed=&#8221;yes&#8221; z_index=&#8221;0&#8243; medium_width=&#8221;0&#8243; align_mobile=&#8221;align_center_mobile&#8221; mobile_width=&#8221;0&#8243; width=&#8221;1\/1&#8243; column_width_pixel=&#8221;900&#8243;][vc_row_inner][vc_column_inner column_width_use_pixel=&#8221;yes&#8221; align_horizontal=&#8221;align_center&#8221; gutter_size=&#8221;3&#8243; overlay_alpha=&#8221;50&#8243; shift_x=&#8221;0&#8243; shift_y=&#8221;0&#8243; shift_y_down=&#8221;0&#8243; z_index=&#8221;0&#8243; medium_width=&#8221;0&#8243; mobile_width=&#8221;0&#8243; width=&#8221;1\/1&#8243; column_width_pixel=&#8221;900&#8243;][vc_custom_heading sub_reduced=&#8221;yes&#8221; subheading=&#8221;Find the letters and numbers hidden in the images on the reversible game boards using the cards. Players try to collect as many cards as possible.&#8221;]Goal of<br \/>\n<strong>Alphavanture<\/strong>[\/vc_custom_heading][\/vc_column_inner][\/vc_row_inner][vc_row_inner][vc_column_inner column_width_use_pixel=&#8221;yes&#8221; gutter_size=&#8221;3&#8243; override_padding=&#8221;yes&#8221; column_padding=&#8221;0&#8243; overlay_alpha=&#8221;50&#8243; shift_x=&#8221;0&#8243; shift_y=&#8221;0&#8243; shift_y_down=&#8221;0&#8243; z_index=&#8221;0&#8243; medium_width=&#8221;0&#8243; mobile_width=&#8221;0&#8243; width=&#8221;1\/1&#8243; column_width_pixel=&#8221;900&#8243;][vc_single_image media=&#8221;331&#8243; media_lightbox=&#8221;yes&#8221; media_width_percent=&#8221;100&#8243; media_ratio=&#8221;sixteen-nine&#8221; shadow=&#8221;yes&#8221; advanced=&#8221;yes&#8221; media_items=&#8221;media|poster,icon|xl&#8221; media_overlay_opacity=&#8221;15&#8243; media_text_visible=&#8221;yes&#8221; media_overlay_visible=&#8221;yes&#8221; media_image_anim=&#8221;no&#8221; media_h_align=&#8221;center&#8221; media_padding=&#8221;2&#8243; media_icon=&#8221;fa fa-play&#8221;][\/vc_column_inner][\/vc_row_inner][\/vc_column][\/vc_row][vc_row row_height_percent=&#8221;0&#8243; override_padding=&#8221;yes&#8221; h_padding=&#8221;2&#8243; top_padding=&#8221;5&#8243; bottom_padding=&#8221;3&#8243; back_color=&#8221;color-178612&#8243; overlay_alpha=&#8221;50&#8243; gutter_size=&#8221;3&#8243; column_width_percent=&#8221;100&#8243; border_color=&#8221;color-gyho&#8221; border_style=&#8221;solid&#8221; shift_y=&#8221;0&#8243; z_index=&#8221;0&#8243;][vc_column column_width_percent=&#8221;100&#8243; align_horizontal=&#8221;align_center&#8221; gutter_size=&#8221;3&#8243; overlay_alpha=&#8221;50&#8243; shift_x=&#8221;0&#8243; shift_y=&#8221;0&#8243; shift_y_down=&#8221;0&#8243; z_index=&#8221;0&#8243; medium_width=&#8221;0&#8243; mobile_width=&#8221;0&#8243; width=&#8221;1\/1&#8243;][vc_empty_space empty_h=&#8221;3&#8243;][vc_custom_heading heading_semantic=&#8221;h3&#8243; text_size=&#8221;h3&#8243; subheading=&#8221;The cards are placed face down on the table and the players choose a game board. The youngest player starts.&#8221;]Set-up<br \/>\n<strong>the game<\/strong>[\/vc_custom_heading][vc_empty_space empty_h=&#8221;2&#8243;][vc_separator sep_color=&#8221;vert-alpha&#8221; el_width=&#8221;20%&#8221; el_height=&#8221;3&#8243;][\/vc_column][\/vc_row][vc_row row_height_percent=&#8221;0&#8243; override_padding=&#8221;yes&#8221; h_padding=&#8221;2&#8243; top_padding=&#8221;3&#8243; bottom_padding=&#8221;3&#8243; back_color=&#8221;color-178612&#8243; overlay_alpha=&#8221;50&#8243; gutter_size=&#8221;3&#8243; column_width_percent=&#8221;100&#8243; border_color=&#8221;color-gyho&#8221; border_style=&#8221;solid&#8221; shift_y=&#8221;0&#8243; z_index=&#8221;0&#8243;][vc_column column_width_percent=&#8221;100&#8243; align_horizontal=&#8221;align_center&#8221; gutter_size=&#8221;3&#8243; overlay_alpha=&#8221;50&#8243; shift_x=&#8221;0&#8243; shift_y=&#8221;0&#8243; shift_y_down=&#8221;0&#8243; z_index=&#8221;0&#8243; medium_width=&#8221;0&#8243; mobile_width=&#8221;0&#8243; width=&#8221;1\/1&#8243;][vc_row_inner][vc_column_inner column_width_percent=&#8221;100&#8243; position_vertical=&#8221;middle&#8221; gutter_size=&#8221;3&#8243; overlay_alpha=&#8221;50&#8243; shift_x=&#8221;0&#8243; shift_y=&#8221;0&#8243; shift_y_down=&#8221;0&#8243; z_index=&#8221;0&#8243; medium_width=&#8221;0&#8243; mobile_width=&#8221;0&#8243; width=&#8221;1\/2&#8243;][vc_custom_heading heading_semantic=&#8221;h3&#8243; text_size=&#8221;h3&#8243; subheading=&#8221;The youngest player turns over the card on top of the pile and places it so everyone can see it. All players begin to search for the letter or number on the card that is hidden in the image on the game board (each character on the cards is hidden in every game board). When a player finds the camouflaged letter or number, he or she immediately tells the other players. If the player is correct, that player keeps the card; if the image does not match, the players resume their search until one of them finds the correct match. The player who finds the match keeps the card, and turns over a new card to start a new search. The game continues in this way until all the cards have been turned over. The player with the most cards wins the game.&#8221;]Play[\/vc_custom_heading][\/vc_column_inner][vc_column_inner column_width_percent=&#8221;100&#8243; position_vertical=&#8221;middle&#8221; gutter_size=&#8221;3&#8243; overlay_alpha=&#8221;50&#8243; shift_x=&#8221;0&#8243; shift_y=&#8221;0&#8243; shift_y_down=&#8221;0&#8243; z_index=&#8221;0&#8243; medium_width=&#8221;0&#8243; mobile_width=&#8221;0&#8243; width=&#8221;1\/2&#8243;][vc_single_image media=&#8221;1073&#8243; media_width_percent=&#8221;100&#8243;][\/vc_column_inner][\/vc_row_inner][vc_row_inner][vc_column_inner width=&#8221;1\/2&#8243;][vc_single_image media=&#8221;1075&#8243; media_width_percent=&#8221;100&#8243;][\/vc_column_inner][vc_column_inner column_width_percent=&#8221;100&#8243; position_vertical=&#8221;middle&#8221; gutter_size=&#8221;3&#8243; overlay_alpha=&#8221;50&#8243; shift_x=&#8221;0&#8243; shift_y=&#8221;0&#8243; shift_y_down=&#8221;0&#8243; z_index=&#8221;0&#8243; medium_width=&#8221;0&#8243; mobile_width=&#8221;0&#8243; width=&#8221;1\/2&#8243;][vc_custom_heading heading_semantic=&#8221;h3&#8243; text_size=&#8221;h3&#8243; subheading=&#8221;If there are a sufficient number of players, participants can form four teams, each of which gets a game board and nine randomly selected cards. The goal of the game is to find the hidden images on the game board that match the nine characters on the cards as quickly as possible. The team that finishes first wins the game.&#8221;]Team play[\/vc_custom_heading][\/vc_column_inner][\/vc_row_inner][\/vc_column][\/vc_row][vc_row row_height_percent=&#8221;0&#8243; override_padding=&#8221;yes&#8221; h_padding=&#8221;2&#8243; top_padding=&#8221;3&#8243; bottom_padding=&#8221;3&#8243; overlay_alpha=&#8221;50&#8243; equal_height=&#8221;yes&#8221; gutter_size=&#8221;3&#8243; column_width_percent=&#8221;100&#8243; shift_y=&#8221;0&#8243; z_index=&#8221;0&#8243;][vc_column column_width_percent=&#8221;100&#8243; position_vertical=&#8221;middle&#8221; gutter_size=&#8221;3&#8243; overlay_alpha=&#8221;50&#8243; shift_x=&#8221;0&#8243; shift_y=&#8221;0&#8243; shift_y_down=&#8221;0&#8243; z_index=&#8221;0&#8243; medium_width=&#8221;0&#8243; mobile_width=&#8221;0&#8243; width=&#8221;1\/2&#8243;][vc_custom_heading heading_semantic=&#8221;h3&#8243; text_size=&#8221;h3&#8243; subheading=&#8221;A little Alphaventure explorer is hiding in each of the images on the four reversible game boards. Can you find them?&#8221;]For pleasure to<br \/>\n<strong>go further\u2026<\/strong>[\/vc_custom_heading][vc_button button_color=&#8221;accent&#8221; size=&#8221;btn-lg&#8221; border_width=&#8221;0&#8243; link=&#8221;url:%2Fen%2Fonline-store%2F|title:Online%20store||&#8221;]Visit our online store[\/vc_button][\/vc_column][vc_column column_width_percent=&#8221;100&#8243; position_vertical=&#8221;middle&#8221; gutter_size=&#8221;3&#8243; overlay_alpha=&#8221;50&#8243; shift_x=&#8221;0&#8243; shift_y=&#8221;0&#8243; shift_y_down=&#8221;0&#8243; z_index=&#8221;0&#8243; medium_width=&#8221;0&#8243; mobile_width=&#8221;0&#8243; width=&#8221;1\/2&#8243;][vc_single_image media=&#8221;116&#8243; media_width_percent=&#8221;55&#8243; alignment=&#8221;center&#8221;][\/vc_column][\/vc_row]<\/p>\n<\/div>","protected":false},"excerpt":{"rendered":"<p>[vc_row row_height_percent=&#8221;0&#8243; override_padding=&#8221;yes&#8221; h_padding=&#8221;2&#8243; top_padding=&#8221;4&#8243; bottom_padding=&#8221;0&#8243; back_color=&#8221;color-xsdn&#8221; overlay_alpha=&#8221;50&#8243; gutter_size=&#8221;3&#8243; column_width_percent=&#8221;100&#8243; shift_y=&#8221;0&#8243; z_index=&#8221;2&#8243;][vc_column column_width_use_pixel=&#8221;yes&#8221; position_vertical=&#8221;middle&#8221; align_horizontal=&#8221;align_center&#8221; gutter_size=&#8221;3&#8243; overlay_alpha=&#8221;50&#8243; shift_x=&#8221;0&#8243; shift_y=&#8221;0&#8243; shift_y_down=&#8221;-5&#8243; [&hellip;]<\/p>\n","protected":false},"author":2,"featured_media":0,"parent":0,"menu_order":0,"comment_status":"closed","ping_status":"open","template":"","meta":{"footnotes":""},"class_list":["post-180","page","type-page","status-publish","hentry"],"yoast_head":"<!-- This site is optimized with the Yoast SEO plugin v26.0 - https:\/\/yoast.com\/wordpress\/plugins\/seo\/ -->\n<title>Alphaventure: Game Rules - Alphaventure - Hide &amp; Seek<\/title>\n<meta name=\"description\" content=\"Alphaventure Cherche et Trouve - Alphabet (lettres et chiffres) est un jeu (2 \u00e0 6 ans) pr\u00e9sent\u00e9 dans un choix de trois pochettes de tissu th\u00e9matiques r\u00e9utilisables enti\u00e8rement con\u00e7u et fabriqu\u00e9 au Qu\u00e9bec.\" \/>\n<meta name=\"robots\" content=\"index, follow, max-snippet:-1, max-image-preview:large, max-video-preview:-1\" \/>\n<link rel=\"canonical\" href=\"https:\/\/www.alphaventure.ca\/en\/alphaventure-game-rules\/\" \/>\n<meta property=\"og:locale\" content=\"en_US\" \/>\n<meta property=\"og:type\" content=\"article\" \/>\n<meta property=\"og:title\" content=\"Alphaventure: Game Rules - Alphaventure - Hide &amp; Seek\" \/>\n<meta property=\"og:description\" content=\"Alphaventure Cherche et Trouve - Alphabet (lettres et chiffres) est un jeu (2 \u00e0 6 ans) pr\u00e9sent\u00e9 dans un choix de trois pochettes de tissu th\u00e9matiques r\u00e9utilisables enti\u00e8rement con\u00e7u et fabriqu\u00e9 au Qu\u00e9bec.\" \/>\n<meta property=\"og:url\" content=\"https:\/\/www.alphaventure.ca\/en\/alphaventure-game-rules\/\" \/>\n<meta property=\"og:site_name\" content=\"Alphaventure - Hide &amp; Seek\" \/>\n<meta property=\"article:publisher\" content=\"https:\/\/www.facebook.com\/alphaventure\" \/>\n<meta property=\"article:modified_time\" content=\"2020-08-11T14:16:57+00:00\" \/>\n<meta property=\"og:image\" content=\"https:\/\/www.alphaventure.ca\/wp-content\/uploads\/2020\/09\/alphaventure-jeux-cherche-et-trouve-social.jpg\" \/>\n\t<meta property=\"og:image:width\" content=\"1200\" \/>\n\t<meta property=\"og:image:height\" content=\"630\" \/>\n\t<meta property=\"og:image:type\" content=\"image\/jpeg\" \/>\n<meta name=\"twitter:label1\" content=\"Est. reading time\" \/>\n\t<meta name=\"twitter:data1\" content=\"5 minutes\" \/>\n<script type=\"application\/ld+json\" class=\"yoast-schema-graph\">{\"@context\":\"https:\/\/schema.org\",\"@graph\":[{\"@type\":\"WebPage\",\"@id\":\"https:\/\/www.alphaventure.ca\/en\/alphaventure-game-rules\/\",\"url\":\"https:\/\/www.alphaventure.ca\/en\/alphaventure-game-rules\/\",\"name\":\"Alphaventure: Game Rules - Alphaventure - Hide &amp; Seek\",\"isPartOf\":{\"@id\":\"https:\/\/www.alphaventure.ca\/#website\"},\"datePublished\":\"2014-11-28T02:46:09+00:00\",\"dateModified\":\"2020-08-11T14:16:57+00:00\",\"description\":\"Alphaventure Cherche et Trouve - Alphabet (lettres et chiffres) est un jeu (2 \u00e0 6 ans) pr\u00e9sent\u00e9 dans un choix de trois pochettes de tissu th\u00e9matiques r\u00e9utilisables enti\u00e8rement con\u00e7u et fabriqu\u00e9 au Qu\u00e9bec.\",\"breadcrumb\":{\"@id\":\"https:\/\/www.alphaventure.ca\/en\/alphaventure-game-rules\/#breadcrumb\"},\"inLanguage\":\"en-US\",\"potentialAction\":[{\"@type\":\"ReadAction\",\"target\":[\"https:\/\/www.alphaventure.ca\/en\/alphaventure-game-rules\/\"]}]},{\"@type\":\"BreadcrumbList\",\"@id\":\"https:\/\/www.alphaventure.ca\/en\/alphaventure-game-rules\/#breadcrumb\",\"itemListElement\":[{\"@type\":\"ListItem\",\"position\":1,\"name\":\"Accueil\",\"item\":\"https:\/\/www.alphaventure.ca\/en\/\"},{\"@type\":\"ListItem\",\"position\":2,\"name\":\"Alphaventure: Game Rules\"}]},{\"@type\":\"WebSite\",\"@id\":\"https:\/\/www.alphaventure.ca\/#website\",\"url\":\"https:\/\/www.alphaventure.ca\/\",\"name\":\"Alphaventure - Hide &amp; Seek\",\"description\":\"An adventure in learning!\",\"publisher\":{\"@id\":\"https:\/\/www.alphaventure.ca\/#organization\"},\"potentialAction\":[{\"@type\":\"SearchAction\",\"target\":{\"@type\":\"EntryPoint\",\"urlTemplate\":\"https:\/\/www.alphaventure.ca\/?s={search_term_string}\"},\"query-input\":{\"@type\":\"PropertyValueSpecification\",\"valueRequired\":true,\"valueName\":\"search_term_string\"}}],\"inLanguage\":\"en-US\"},{\"@type\":\"Organization\",\"@id\":\"https:\/\/www.alphaventure.ca\/#organization\",\"name\":\"Alphaventure - Cherche et Trouve\",\"url\":\"https:\/\/www.alphaventure.ca\/\",\"logo\":{\"@type\":\"ImageObject\",\"inLanguage\":\"en-US\",\"@id\":\"https:\/\/www.alphaventure.ca\/#\/schema\/logo\/image\/\",\"url\":\"https:\/\/www.alphaventure.ca\/wp-content\/uploads\/2020\/08\/logos-fr.png\",\"contentUrl\":\"https:\/\/www.alphaventure.ca\/wp-content\/uploads\/2020\/08\/logos-fr.png\",\"width\":682,\"height\":441,\"caption\":\"Alphaventure - Cherche et Trouve\"},\"image\":{\"@id\":\"https:\/\/www.alphaventure.ca\/#\/schema\/logo\/image\/\"},\"sameAs\":[\"https:\/\/www.facebook.com\/alphaventure\"]}]}<\/script>\n<!-- \/ Yoast SEO plugin. -->","yoast_head_json":{"title":"Alphaventure: Game Rules - Alphaventure - Hide &amp; Seek","description":"Alphaventure Cherche et Trouve - Alphabet (lettres et chiffres) est un jeu (2 \u00e0 6 ans) pr\u00e9sent\u00e9 dans un choix de trois pochettes de tissu th\u00e9matiques r\u00e9utilisables enti\u00e8rement con\u00e7u et fabriqu\u00e9 au Qu\u00e9bec.","robots":{"index":"index","follow":"follow","max-snippet":"max-snippet:-1","max-image-preview":"max-image-preview:large","max-video-preview":"max-video-preview:-1"},"canonical":"https:\/\/www.alphaventure.ca\/en\/alphaventure-game-rules\/","og_locale":"en_US","og_type":"article","og_title":"Alphaventure: Game Rules - Alphaventure - Hide &amp; Seek","og_description":"Alphaventure Cherche et Trouve - Alphabet (lettres et chiffres) est un jeu (2 \u00e0 6 ans) pr\u00e9sent\u00e9 dans un choix de trois pochettes de tissu th\u00e9matiques r\u00e9utilisables enti\u00e8rement con\u00e7u et fabriqu\u00e9 au Qu\u00e9bec.","og_url":"https:\/\/www.alphaventure.ca\/en\/alphaventure-game-rules\/","og_site_name":"Alphaventure - Hide &amp; Seek","article_publisher":"https:\/\/www.facebook.com\/alphaventure","article_modified_time":"2020-08-11T14:16:57+00:00","og_image":[{"width":1200,"height":630,"url":"https:\/\/www.alphaventure.ca\/wp-content\/uploads\/2020\/09\/alphaventure-jeux-cherche-et-trouve-social.jpg","type":"image\/jpeg"}],"twitter_misc":{"Est. reading time":"5 minutes"},"schema":{"@context":"https:\/\/schema.org","@graph":[{"@type":"WebPage","@id":"https:\/\/www.alphaventure.ca\/en\/alphaventure-game-rules\/","url":"https:\/\/www.alphaventure.ca\/en\/alphaventure-game-rules\/","name":"Alphaventure: Game Rules - Alphaventure - Hide &amp; Seek","isPartOf":{"@id":"https:\/\/www.alphaventure.ca\/#website"},"datePublished":"2014-11-28T02:46:09+00:00","dateModified":"2020-08-11T14:16:57+00:00","description":"Alphaventure Cherche et Trouve - Alphabet (lettres et chiffres) est un jeu (2 \u00e0 6 ans) pr\u00e9sent\u00e9 dans un choix de trois pochettes de tissu th\u00e9matiques r\u00e9utilisables enti\u00e8rement con\u00e7u et fabriqu\u00e9 au Qu\u00e9bec.","breadcrumb":{"@id":"https:\/\/www.alphaventure.ca\/en\/alphaventure-game-rules\/#breadcrumb"},"inLanguage":"en-US","potentialAction":[{"@type":"ReadAction","target":["https:\/\/www.alphaventure.ca\/en\/alphaventure-game-rules\/"]}]},{"@type":"BreadcrumbList","@id":"https:\/\/www.alphaventure.ca\/en\/alphaventure-game-rules\/#breadcrumb","itemListElement":[{"@type":"ListItem","position":1,"name":"Accueil","item":"https:\/\/www.alphaventure.ca\/en\/"},{"@type":"ListItem","position":2,"name":"Alphaventure: Game Rules"}]},{"@type":"WebSite","@id":"https:\/\/www.alphaventure.ca\/#website","url":"https:\/\/www.alphaventure.ca\/","name":"Alphaventure - Hide &amp; Seek","description":"An adventure in learning!","publisher":{"@id":"https:\/\/www.alphaventure.ca\/#organization"},"potentialAction":[{"@type":"SearchAction","target":{"@type":"EntryPoint","urlTemplate":"https:\/\/www.alphaventure.ca\/?s={search_term_string}"},"query-input":{"@type":"PropertyValueSpecification","valueRequired":true,"valueName":"search_term_string"}}],"inLanguage":"en-US"},{"@type":"Organization","@id":"https:\/\/www.alphaventure.ca\/#organization","name":"Alphaventure - Cherche et Trouve","url":"https:\/\/www.alphaventure.ca\/","logo":{"@type":"ImageObject","inLanguage":"en-US","@id":"https:\/\/www.alphaventure.ca\/#\/schema\/logo\/image\/","url":"https:\/\/www.alphaventure.ca\/wp-content\/uploads\/2020\/08\/logos-fr.png","contentUrl":"https:\/\/www.alphaventure.ca\/wp-content\/uploads\/2020\/08\/logos-fr.png","width":682,"height":441,"caption":"Alphaventure - Cherche et Trouve"},"image":{"@id":"https:\/\/www.alphaventure.ca\/#\/schema\/logo\/image\/"},"sameAs":["https:\/\/www.facebook.com\/alphaventure"]}]}},"_links":{"self":[{"href":"https:\/\/www.alphaventure.ca\/en\/wp-json\/wp\/v2\/pages\/180","targetHints":{"allow":["GET"]}}],"collection":[{"href":"https:\/\/www.alphaventure.ca\/en\/wp-json\/wp\/v2\/pages"}],"about":[{"href":"https:\/\/www.alphaventure.ca\/en\/wp-json\/wp\/v2\/types\/page"}],"author":[{"embeddable":true,"href":"https:\/\/www.alphaventure.ca\/en\/wp-json\/wp\/v2\/users\/2"}],"replies":[{"embeddable":true,"href":"https:\/\/www.alphaventure.ca\/en\/wp-json\/wp\/v2\/comments?post=180"}],"version-history":[{"count":5,"href":"https:\/\/www.alphaventure.ca\/en\/wp-json\/wp\/v2\/pages\/180\/revisions"}],"predecessor-version":[{"id":1120,"href":"https:\/\/www.alphaventure.ca\/en\/wp-json\/wp\/v2\/pages\/180\/revisions\/1120"}],"wp:attachment":[{"href":"https:\/\/www.alphaventure.ca\/en\/wp-json\/wp\/v2\/media?parent=180"}],"curies":[{"name":"wp","href":"https:\/\/api.w.org\/{rel}","templated":true}]}}