{"id":181,"date":"2014-09-22T16:01:27","date_gmt":"2014-09-22T20:01:27","guid":{"rendered":"https:\/\/www.alphaventure.ca\/?page_id=181"},"modified":"2020-08-11T10:00:57","modified_gmt":"2020-08-11T14:00:57","slug":"accueil","status":"publish","type":"page","link":"https:\/\/www.alphaventure.ca\/en\/","title":{"rendered":"Alphaventure Hide &#038; Seek: an adventure in learning!"},"content":{"rendered":"<div class=\"wpb-content-wrapper\"><p>[vc_row row_height_percent=&#8221;0&#8243; override_padding=&#8221;yes&#8221; h_padding=&#8221;2&#8243; top_padding=&#8221;2&#8243; bottom_padding=&#8221;2&#8243; back_color=&#8221;color-xsdn&#8221; back_image=&#8221;333&#8243; back_position=&#8221;right bottom&#8221; overlay_alpha=&#8221;50&#8243; gutter_size=&#8221;3&#8243; column_width_percent=&#8221;100&#8243; shift_y=&#8221;0&#8243; z_index=&#8221;0&#8243; back_size=&#8221;contain&#8221;][vc_column column_width_percent=&#8221;100&#8243; gutter_size=&#8221;4&#8243; overlay_alpha=&#8221;50&#8243; shift_x=&#8221;0&#8243; shift_y=&#8221;0&#8243; shift_y_down=&#8221;0&#8243; z_index=&#8221;0&#8243; medium_width=&#8221;0&#8243; mobile_width=&#8221;0&#8243; width=&#8221;1\/1&#8243;][vc_row_inner row_inner_height_percent=&#8221;0&#8243; overlay_alpha=&#8221;50&#8243; gutter_size=&#8221;3&#8243; shift_y=&#8221;0&#8243; z_index=&#8221;0&#8243;][vc_column_inner column_width_percent=&#8221;100&#8243; gutter_size=&#8221;3&#8243; override_padding=&#8221;yes&#8221; column_padding=&#8221;5&#8243; overlay_color=&#8221;color-xsdn&#8221; overlay_alpha=&#8221;86&#8243; shift_x=&#8221;0&#8243; shift_y=&#8221;0&#8243; shift_y_down=&#8221;0&#8243; z_index=&#8221;0&#8243; medium_width=&#8221;0&#8243; mobile_width=&#8221;0&#8243; width=&#8221;1\/2&#8243;][vc_custom_heading heading_semantic=&#8221;h3&#8243;]MADE WITH LOVE <strong>100%<\/strong><br \/>\nIN QU\u00c9BEC[\/vc_custom_heading][uncode_list icon=&#8221;fa fa-record&#8221; icon_color=&#8221;accent&#8221;]<\/p>\n<ul>\n<li>For children from 2 to 6 years old<\/li>\n<li>1 player and more<\/li>\n<li>Available in 8 colors<\/li>\n<\/ul>\n<p>[\/uncode_list][vc_button button_color=&#8221;accent&#8221; size=&#8221;btn-lg&#8221; border_width=&#8221;0&#8243; link=&#8221;url:https%3A%2F%2Falpha.emblemedev.ca%2Fen%2Falphaventure-adventure-learning%2F|title:Alphaventure%20%3A%20une%20escapade%20au%20c%C5%93ur%20de%20l%E2%80%99apprentissage!||&#8221;]Discover the game[\/vc_button][\/vc_column_inner][vc_column_inner width=&#8221;1\/2&#8243;][\/vc_column_inner][\/vc_row_inner][\/vc_column][\/vc_row]<\/p>\n<\/div>","protected":false},"excerpt":{"rendered":"<p>[vc_row row_height_percent=&#8221;0&#8243; override_padding=&#8221;yes&#8221; h_padding=&#8221;2&#8243; top_padding=&#8221;2&#8243; bottom_padding=&#8221;2&#8243; back_color=&#8221;color-xsdn&#8221; back_image=&#8221;333&#8243; back_position=&#8221;right bottom&#8221; overlay_alpha=&#8221;50&#8243; gutter_size=&#8221;3&#8243; column_width_percent=&#8221;100&#8243; shift_y=&#8221;0&#8243; z_index=&#8221;0&#8243; back_size=&#8221;contain&#8221;][vc_column column_width_percent=&#8221;100&#8243; gutter_size=&#8221;4&#8243; overlay_alpha=&#8221;50&#8243; shift_x=&#8221;0&#8243; [&hellip;]<\/p>\n","protected":false},"author":2,"featured_media":0,"parent":0,"menu_order":-1,"comment_status":"closed","ping_status":"closed","template":"","meta":{"footnotes":""},"class_list":["post-181","page","type-page","status-publish","hentry"],"yoast_head":"<!-- This site is optimized with the Yoast SEO plugin v26.0 - https:\/\/yoast.com\/wordpress\/plugins\/seo\/ -->\n<title>Alphaventure Cherche et Trouve : une escapade au c\u0153ur de l\u2019apprentissage!<\/title>\n<meta name=\"description\" content=\"Alphaventure Cherche et Trouve - Alphabet (lettres et chiffres) est un jeu (2 \u00e0 6 ans) pr\u00e9sent\u00e9 dans un choix de trois pochettes de tissu th\u00e9matiques r\u00e9utilisables enti\u00e8rement con\u00e7u et fabriqu\u00e9 au Qu\u00e9bec.\" \/>\n<meta name=\"robots\" content=\"index, follow, max-snippet:-1, max-image-preview:large, max-video-preview:-1\" \/>\n<link rel=\"canonical\" href=\"https:\/\/www.alphaventure.ca\/en\/\" \/>\n<meta property=\"og:locale\" content=\"en_US\" \/>\n<meta property=\"og:type\" content=\"article\" \/>\n<meta property=\"og:title\" content=\"Alphaventure Cherche et Trouve : une escapade au c\u0153ur de l\u2019apprentissage!\" \/>\n<meta property=\"og:description\" content=\"Alphaventure Cherche et Trouve - Alphabet (lettres et chiffres) est un jeu (2 \u00e0 6 ans) pr\u00e9sent\u00e9 dans un choix de trois pochettes de tissu th\u00e9matiques r\u00e9utilisables enti\u00e8rement con\u00e7u et fabriqu\u00e9 au Qu\u00e9bec.\" \/>\n<meta property=\"og:url\" content=\"https:\/\/www.alphaventure.ca\/en\/\" \/>\n<meta property=\"og:site_name\" content=\"Alphaventure - Hide &amp; Seek\" \/>\n<meta property=\"article:publisher\" content=\"https:\/\/www.facebook.com\/alphaventure\" \/>\n<meta property=\"article:modified_time\" content=\"2020-08-11T14:00:57+00:00\" \/>\n<meta property=\"og:image\" content=\"https:\/\/www.alphaventure.ca\/wp-content\/uploads\/2020\/09\/alphaventure-jeux-cherche-et-trouve-social.jpg\" \/>\n\t<meta property=\"og:image:width\" content=\"1200\" \/>\n\t<meta property=\"og:image:height\" content=\"630\" \/>\n\t<meta property=\"og:image:type\" content=\"image\/jpeg\" \/>\n<meta name=\"twitter:label1\" content=\"Est. reading time\" \/>\n\t<meta name=\"twitter:data1\" content=\"1 minute\" \/>\n<script type=\"application\/ld+json\" class=\"yoast-schema-graph\">{\"@context\":\"https:\/\/schema.org\",\"@graph\":[{\"@type\":\"WebPage\",\"@id\":\"https:\/\/www.alphaventure.ca\/en\/\",\"url\":\"https:\/\/www.alphaventure.ca\/en\/\",\"name\":\"Alphaventure Cherche et Trouve : une escapade au c\u0153ur de l\u2019apprentissage!\",\"isPartOf\":{\"@id\":\"https:\/\/www.alphaventure.ca\/#website\"},\"datePublished\":\"2014-09-22T20:01:27+00:00\",\"dateModified\":\"2020-08-11T14:00:57+00:00\",\"description\":\"Alphaventure Cherche et Trouve - Alphabet (lettres et chiffres) est un jeu (2 \u00e0 6 ans) pr\u00e9sent\u00e9 dans un choix de trois pochettes de tissu th\u00e9matiques r\u00e9utilisables enti\u00e8rement con\u00e7u et fabriqu\u00e9 au Qu\u00e9bec.\",\"breadcrumb\":{\"@id\":\"https:\/\/www.alphaventure.ca\/en\/#breadcrumb\"},\"inLanguage\":\"en-US\",\"potentialAction\":[{\"@type\":\"ReadAction\",\"target\":[\"https:\/\/www.alphaventure.ca\/en\/\"]}]},{\"@type\":\"BreadcrumbList\",\"@id\":\"https:\/\/www.alphaventure.ca\/en\/#breadcrumb\",\"itemListElement\":[{\"@type\":\"ListItem\",\"position\":1,\"name\":\"Accueil\",\"item\":\"https:\/\/www.alphaventure.ca\/en\/\"},{\"@type\":\"ListItem\",\"position\":2,\"name\":\"Alphaventure Hide &#038; Seek: an adventure in learning!\"}]},{\"@type\":\"WebSite\",\"@id\":\"https:\/\/www.alphaventure.ca\/#website\",\"url\":\"https:\/\/www.alphaventure.ca\/\",\"name\":\"Alphaventure - Hide &amp; Seek\",\"description\":\"An adventure in learning!\",\"publisher\":{\"@id\":\"https:\/\/www.alphaventure.ca\/#organization\"},\"potentialAction\":[{\"@type\":\"SearchAction\",\"target\":{\"@type\":\"EntryPoint\",\"urlTemplate\":\"https:\/\/www.alphaventure.ca\/?s={search_term_string}\"},\"query-input\":{\"@type\":\"PropertyValueSpecification\",\"valueRequired\":true,\"valueName\":\"search_term_string\"}}],\"inLanguage\":\"en-US\"},{\"@type\":\"Organization\",\"@id\":\"https:\/\/www.alphaventure.ca\/#organization\",\"name\":\"Alphaventure - Cherche et Trouve\",\"url\":\"https:\/\/www.alphaventure.ca\/\",\"logo\":{\"@type\":\"ImageObject\",\"inLanguage\":\"en-US\",\"@id\":\"https:\/\/www.alphaventure.ca\/#\/schema\/logo\/image\/\",\"url\":\"https:\/\/www.alphaventure.ca\/wp-content\/uploads\/2020\/08\/logos-fr.png\",\"contentUrl\":\"https:\/\/www.alphaventure.ca\/wp-content\/uploads\/2020\/08\/logos-fr.png\",\"width\":682,\"height\":441,\"caption\":\"Alphaventure - Cherche et Trouve\"},\"image\":{\"@id\":\"https:\/\/www.alphaventure.ca\/#\/schema\/logo\/image\/\"},\"sameAs\":[\"https:\/\/www.facebook.com\/alphaventure\"]}]}<\/script>\n<!-- \/ Yoast SEO plugin. -->","yoast_head_json":{"title":"Alphaventure Cherche et Trouve : une escapade au c\u0153ur de l\u2019apprentissage!","description":"Alphaventure Cherche et Trouve - Alphabet (lettres et chiffres) est un jeu (2 \u00e0 6 ans) pr\u00e9sent\u00e9 dans un choix de trois pochettes de tissu th\u00e9matiques r\u00e9utilisables enti\u00e8rement con\u00e7u et fabriqu\u00e9 au Qu\u00e9bec.","robots":{"index":"index","follow":"follow","max-snippet":"max-snippet:-1","max-image-preview":"max-image-preview:large","max-video-preview":"max-video-preview:-1"},"canonical":"https:\/\/www.alphaventure.ca\/en\/","og_locale":"en_US","og_type":"article","og_title":"Alphaventure Cherche et Trouve : une escapade au c\u0153ur de l\u2019apprentissage!","og_description":"Alphaventure Cherche et Trouve - Alphabet (lettres et chiffres) est un jeu (2 \u00e0 6 ans) pr\u00e9sent\u00e9 dans un choix de trois pochettes de tissu th\u00e9matiques r\u00e9utilisables enti\u00e8rement con\u00e7u et fabriqu\u00e9 au Qu\u00e9bec.","og_url":"https:\/\/www.alphaventure.ca\/en\/","og_site_name":"Alphaventure - Hide &amp; Seek","article_publisher":"https:\/\/www.facebook.com\/alphaventure","article_modified_time":"2020-08-11T14:00:57+00:00","og_image":[{"width":1200,"height":630,"url":"https:\/\/www.alphaventure.ca\/wp-content\/uploads\/2020\/09\/alphaventure-jeux-cherche-et-trouve-social.jpg","type":"image\/jpeg"}],"twitter_misc":{"Est. reading time":"1 minute"},"schema":{"@context":"https:\/\/schema.org","@graph":[{"@type":"WebPage","@id":"https:\/\/www.alphaventure.ca\/en\/","url":"https:\/\/www.alphaventure.ca\/en\/","name":"Alphaventure Cherche et Trouve : une escapade au c\u0153ur de l\u2019apprentissage!","isPartOf":{"@id":"https:\/\/www.alphaventure.ca\/#website"},"datePublished":"2014-09-22T20:01:27+00:00","dateModified":"2020-08-11T14:00:57+00:00","description":"Alphaventure Cherche et Trouve - Alphabet (lettres et chiffres) est un jeu (2 \u00e0 6 ans) pr\u00e9sent\u00e9 dans un choix de trois pochettes de tissu th\u00e9matiques r\u00e9utilisables enti\u00e8rement con\u00e7u et fabriqu\u00e9 au Qu\u00e9bec.","breadcrumb":{"@id":"https:\/\/www.alphaventure.ca\/en\/#breadcrumb"},"inLanguage":"en-US","potentialAction":[{"@type":"ReadAction","target":["https:\/\/www.alphaventure.ca\/en\/"]}]},{"@type":"BreadcrumbList","@id":"https:\/\/www.alphaventure.ca\/en\/#breadcrumb","itemListElement":[{"@type":"ListItem","position":1,"name":"Accueil","item":"https:\/\/www.alphaventure.ca\/en\/"},{"@type":"ListItem","position":2,"name":"Alphaventure Hide &#038; Seek: an adventure in learning!"}]},{"@type":"WebSite","@id":"https:\/\/www.alphaventure.ca\/#website","url":"https:\/\/www.alphaventure.ca\/","name":"Alphaventure - Hide &amp; Seek","description":"An adventure in learning!","publisher":{"@id":"https:\/\/www.alphaventure.ca\/#organization"},"potentialAction":[{"@type":"SearchAction","target":{"@type":"EntryPoint","urlTemplate":"https:\/\/www.alphaventure.ca\/?s={search_term_string}"},"query-input":{"@type":"PropertyValueSpecification","valueRequired":true,"valueName":"search_term_string"}}],"inLanguage":"en-US"},{"@type":"Organization","@id":"https:\/\/www.alphaventure.ca\/#organization","name":"Alphaventure - Cherche et Trouve","url":"https:\/\/www.alphaventure.ca\/","logo":{"@type":"ImageObject","inLanguage":"en-US","@id":"https:\/\/www.alphaventure.ca\/#\/schema\/logo\/image\/","url":"https:\/\/www.alphaventure.ca\/wp-content\/uploads\/2020\/08\/logos-fr.png","contentUrl":"https:\/\/www.alphaventure.ca\/wp-content\/uploads\/2020\/08\/logos-fr.png","width":682,"height":441,"caption":"Alphaventure - Cherche et Trouve"},"image":{"@id":"https:\/\/www.alphaventure.ca\/#\/schema\/logo\/image\/"},"sameAs":["https:\/\/www.facebook.com\/alphaventure"]}]}},"_links":{"self":[{"href":"https:\/\/www.alphaventure.ca\/en\/wp-json\/wp\/v2\/pages\/181","targetHints":{"allow":["GET"]}}],"collection":[{"href":"https:\/\/www.alphaventure.ca\/en\/wp-json\/wp\/v2\/pages"}],"about":[{"href":"https:\/\/www.alphaventure.ca\/en\/wp-json\/wp\/v2\/types\/page"}],"author":[{"embeddable":true,"href":"https:\/\/www.alphaventure.ca\/en\/wp-json\/wp\/v2\/users\/2"}],"replies":[{"embeddable":true,"href":"https:\/\/www.alphaventure.ca\/en\/wp-json\/wp\/v2\/comments?post=181"}],"version-history":[{"count":6,"href":"https:\/\/www.alphaventure.ca\/en\/wp-json\/wp\/v2\/pages\/181\/revisions"}],"predecessor-version":[{"id":1115,"href":"https:\/\/www.alphaventure.ca\/en\/wp-json\/wp\/v2\/pages\/181\/revisions\/1115"}],"wp:attachment":[{"href":"https:\/\/www.alphaventure.ca\/en\/wp-json\/wp\/v2\/media?parent=181"}],"curies":[{"name":"wp","href":"https:\/\/api.w.org\/{rel}","templated":true}]}}