{"id":435,"date":"2015-11-10T15:25:35","date_gmt":"2015-11-10T20:25:35","guid":{"rendered":"https:\/\/www.alphaventure.ca\/?page_id=435"},"modified":"2020-08-10T16:19:16","modified_gmt":"2020-08-10T20:19:16","slug":"privacy-statement","status":"publish","type":"page","link":"https:\/\/www.alphaventure.ca\/en\/privacy-statement\/","title":{"rendered":"Privacy Statement"},"content":{"rendered":"<p>Alphaventure.ca collects personal data on its users behavior on the website through Google Analytics (GA). GA is used as an aggregated and anonymized website traffic analysis tool. GA installs a cookie in your browser that generates a random ClientID that doesn\u2019t include any identifiable information as email, phone number, name, etc. By using GA, we need to send your IP Address to Google. We collect data such as the time spent on the website, the pages consulted, etc. We use this information for marketing purposes in order to improve our users online experience. If you want, you can install the Google Analytics Opt-Out Browser Add-On for more privacy.<\/p>\n<p>For information, support or questions: <a href=\"https:\/\/www.alphaventure.ca\/en\/contact\/\">email us<\/a>.<\/p>\n","protected":false},"excerpt":{"rendered":"<p>Alphaventure.ca collects personal data on its users behavior on the website through Google Analytics (GA). GA is used as an [&hellip;]<\/p>\n","protected":false},"author":2,"featured_media":0,"parent":0,"menu_order":0,"comment_status":"closed","ping_status":"open","template":"","meta":{"footnotes":""},"class_list":["post-435","page","type-page","status-publish","hentry"],"yoast_head":"<!-- This site is optimized with the Yoast SEO plugin v26.0 - https:\/\/yoast.com\/wordpress\/plugins\/seo\/ -->\n<title>Privacy Statement - Alphaventure - Hide &amp; Seek<\/title>\n<meta name=\"description\" content=\"Alphaventure Cherche et Trouve - Alphabet (lettres et chiffres) est un jeu (2 \u00e0 6 ans) pr\u00e9sent\u00e9 dans un choix de trois pochettes de tissu th\u00e9matiques r\u00e9utilisables enti\u00e8rement con\u00e7u et fabriqu\u00e9 au Qu\u00e9bec.\" \/>\n<meta name=\"robots\" content=\"index, follow, max-snippet:-1, max-image-preview:large, max-video-preview:-1\" \/>\n<link rel=\"canonical\" href=\"https:\/\/www.alphaventure.ca\/en\/privacy-statement\/\" \/>\n<meta property=\"og:locale\" content=\"en_US\" \/>\n<meta property=\"og:type\" content=\"article\" \/>\n<meta property=\"og:title\" content=\"Privacy Statement - Alphaventure - Hide &amp; Seek\" \/>\n<meta property=\"og:description\" content=\"Alphaventure Cherche et Trouve - Alphabet (lettres et chiffres) est un jeu (2 \u00e0 6 ans) pr\u00e9sent\u00e9 dans un choix de trois pochettes de tissu th\u00e9matiques r\u00e9utilisables enti\u00e8rement con\u00e7u et fabriqu\u00e9 au Qu\u00e9bec.\" \/>\n<meta property=\"og:url\" content=\"https:\/\/www.alphaventure.ca\/en\/privacy-statement\/\" \/>\n<meta property=\"og:site_name\" content=\"Alphaventure - Hide &amp; Seek\" \/>\n<meta property=\"article:publisher\" content=\"https:\/\/www.facebook.com\/alphaventure\" \/>\n<meta property=\"article:modified_time\" content=\"2020-08-10T20:19:16+00:00\" \/>\n<meta property=\"og:image\" content=\"https:\/\/www.alphaventure.ca\/wp-content\/uploads\/2020\/09\/alphaventure-jeux-cherche-et-trouve-social.jpg\" \/>\n\t<meta property=\"og:image:width\" content=\"1200\" \/>\n\t<meta property=\"og:image:height\" content=\"630\" \/>\n\t<meta property=\"og:image:type\" content=\"image\/jpeg\" \/>\n<meta name=\"twitter:label1\" content=\"Est. reading time\" \/>\n\t<meta name=\"twitter:data1\" content=\"1 minute\" \/>\n<script type=\"application\/ld+json\" class=\"yoast-schema-graph\">{\"@context\":\"https:\/\/schema.org\",\"@graph\":[{\"@type\":\"WebPage\",\"@id\":\"https:\/\/www.alphaventure.ca\/en\/privacy-statement\/\",\"url\":\"https:\/\/www.alphaventure.ca\/en\/privacy-statement\/\",\"name\":\"Privacy Statement - Alphaventure - Hide &amp; Seek\",\"isPartOf\":{\"@id\":\"https:\/\/www.alphaventure.ca\/#website\"},\"datePublished\":\"2015-11-10T20:25:35+00:00\",\"dateModified\":\"2020-08-10T20:19:16+00:00\",\"description\":\"Alphaventure Cherche et Trouve - Alphabet (lettres et chiffres) est un jeu (2 \u00e0 6 ans) pr\u00e9sent\u00e9 dans un choix de trois pochettes de tissu th\u00e9matiques r\u00e9utilisables enti\u00e8rement con\u00e7u et fabriqu\u00e9 au Qu\u00e9bec.\",\"breadcrumb\":{\"@id\":\"https:\/\/www.alphaventure.ca\/en\/privacy-statement\/#breadcrumb\"},\"inLanguage\":\"en-US\",\"potentialAction\":[{\"@type\":\"ReadAction\",\"target\":[\"https:\/\/www.alphaventure.ca\/en\/privacy-statement\/\"]}]},{\"@type\":\"BreadcrumbList\",\"@id\":\"https:\/\/www.alphaventure.ca\/en\/privacy-statement\/#breadcrumb\",\"itemListElement\":[{\"@type\":\"ListItem\",\"position\":1,\"name\":\"Accueil\",\"item\":\"https:\/\/www.alphaventure.ca\/en\/\"},{\"@type\":\"ListItem\",\"position\":2,\"name\":\"Privacy Statement\"}]},{\"@type\":\"WebSite\",\"@id\":\"https:\/\/www.alphaventure.ca\/#website\",\"url\":\"https:\/\/www.alphaventure.ca\/\",\"name\":\"Alphaventure - Hide &amp; Seek\",\"description\":\"An adventure in learning!\",\"publisher\":{\"@id\":\"https:\/\/www.alphaventure.ca\/#organization\"},\"potentialAction\":[{\"@type\":\"SearchAction\",\"target\":{\"@type\":\"EntryPoint\",\"urlTemplate\":\"https:\/\/www.alphaventure.ca\/?s={search_term_string}\"},\"query-input\":{\"@type\":\"PropertyValueSpecification\",\"valueRequired\":true,\"valueName\":\"search_term_string\"}}],\"inLanguage\":\"en-US\"},{\"@type\":\"Organization\",\"@id\":\"https:\/\/www.alphaventure.ca\/#organization\",\"name\":\"Alphaventure - Cherche et Trouve\",\"url\":\"https:\/\/www.alphaventure.ca\/\",\"logo\":{\"@type\":\"ImageObject\",\"inLanguage\":\"en-US\",\"@id\":\"https:\/\/www.alphaventure.ca\/#\/schema\/logo\/image\/\",\"url\":\"https:\/\/www.alphaventure.ca\/wp-content\/uploads\/2020\/08\/logos-fr.png\",\"contentUrl\":\"https:\/\/www.alphaventure.ca\/wp-content\/uploads\/2020\/08\/logos-fr.png\",\"width\":682,\"height\":441,\"caption\":\"Alphaventure - Cherche et Trouve\"},\"image\":{\"@id\":\"https:\/\/www.alphaventure.ca\/#\/schema\/logo\/image\/\"},\"sameAs\":[\"https:\/\/www.facebook.com\/alphaventure\"]}]}<\/script>\n<!-- \/ Yoast SEO plugin. -->","yoast_head_json":{"title":"Privacy Statement - Alphaventure - Hide &amp; Seek","description":"Alphaventure Cherche et Trouve - Alphabet (lettres et chiffres) est un jeu (2 \u00e0 6 ans) pr\u00e9sent\u00e9 dans un choix de trois pochettes de tissu th\u00e9matiques r\u00e9utilisables enti\u00e8rement con\u00e7u et fabriqu\u00e9 au Qu\u00e9bec.","robots":{"index":"index","follow":"follow","max-snippet":"max-snippet:-1","max-image-preview":"max-image-preview:large","max-video-preview":"max-video-preview:-1"},"canonical":"https:\/\/www.alphaventure.ca\/en\/privacy-statement\/","og_locale":"en_US","og_type":"article","og_title":"Privacy Statement - Alphaventure - Hide &amp; Seek","og_description":"Alphaventure Cherche et Trouve - Alphabet (lettres et chiffres) est un jeu (2 \u00e0 6 ans) pr\u00e9sent\u00e9 dans un choix de trois pochettes de tissu th\u00e9matiques r\u00e9utilisables enti\u00e8rement con\u00e7u et fabriqu\u00e9 au Qu\u00e9bec.","og_url":"https:\/\/www.alphaventure.ca\/en\/privacy-statement\/","og_site_name":"Alphaventure - Hide &amp; Seek","article_publisher":"https:\/\/www.facebook.com\/alphaventure","article_modified_time":"2020-08-10T20:19:16+00:00","og_image":[{"width":1200,"height":630,"url":"https:\/\/www.alphaventure.ca\/wp-content\/uploads\/2020\/09\/alphaventure-jeux-cherche-et-trouve-social.jpg","type":"image\/jpeg"}],"twitter_misc":{"Est. reading time":"1 minute"},"schema":{"@context":"https:\/\/schema.org","@graph":[{"@type":"WebPage","@id":"https:\/\/www.alphaventure.ca\/en\/privacy-statement\/","url":"https:\/\/www.alphaventure.ca\/en\/privacy-statement\/","name":"Privacy Statement - Alphaventure - Hide &amp; Seek","isPartOf":{"@id":"https:\/\/www.alphaventure.ca\/#website"},"datePublished":"2015-11-10T20:25:35+00:00","dateModified":"2020-08-10T20:19:16+00:00","description":"Alphaventure Cherche et Trouve - Alphabet (lettres et chiffres) est un jeu (2 \u00e0 6 ans) pr\u00e9sent\u00e9 dans un choix de trois pochettes de tissu th\u00e9matiques r\u00e9utilisables enti\u00e8rement con\u00e7u et fabriqu\u00e9 au Qu\u00e9bec.","breadcrumb":{"@id":"https:\/\/www.alphaventure.ca\/en\/privacy-statement\/#breadcrumb"},"inLanguage":"en-US","potentialAction":[{"@type":"ReadAction","target":["https:\/\/www.alphaventure.ca\/en\/privacy-statement\/"]}]},{"@type":"BreadcrumbList","@id":"https:\/\/www.alphaventure.ca\/en\/privacy-statement\/#breadcrumb","itemListElement":[{"@type":"ListItem","position":1,"name":"Accueil","item":"https:\/\/www.alphaventure.ca\/en\/"},{"@type":"ListItem","position":2,"name":"Privacy Statement"}]},{"@type":"WebSite","@id":"https:\/\/www.alphaventure.ca\/#website","url":"https:\/\/www.alphaventure.ca\/","name":"Alphaventure - Hide &amp; Seek","description":"An adventure in learning!","publisher":{"@id":"https:\/\/www.alphaventure.ca\/#organization"},"potentialAction":[{"@type":"SearchAction","target":{"@type":"EntryPoint","urlTemplate":"https:\/\/www.alphaventure.ca\/?s={search_term_string}"},"query-input":{"@type":"PropertyValueSpecification","valueRequired":true,"valueName":"search_term_string"}}],"inLanguage":"en-US"},{"@type":"Organization","@id":"https:\/\/www.alphaventure.ca\/#organization","name":"Alphaventure - Cherche et Trouve","url":"https:\/\/www.alphaventure.ca\/","logo":{"@type":"ImageObject","inLanguage":"en-US","@id":"https:\/\/www.alphaventure.ca\/#\/schema\/logo\/image\/","url":"https:\/\/www.alphaventure.ca\/wp-content\/uploads\/2020\/08\/logos-fr.png","contentUrl":"https:\/\/www.alphaventure.ca\/wp-content\/uploads\/2020\/08\/logos-fr.png","width":682,"height":441,"caption":"Alphaventure - Cherche et Trouve"},"image":{"@id":"https:\/\/www.alphaventure.ca\/#\/schema\/logo\/image\/"},"sameAs":["https:\/\/www.facebook.com\/alphaventure"]}]}},"_links":{"self":[{"href":"https:\/\/www.alphaventure.ca\/en\/wp-json\/wp\/v2\/pages\/435","targetHints":{"allow":["GET"]}}],"collection":[{"href":"https:\/\/www.alphaventure.ca\/en\/wp-json\/wp\/v2\/pages"}],"about":[{"href":"https:\/\/www.alphaventure.ca\/en\/wp-json\/wp\/v2\/types\/page"}],"author":[{"embeddable":true,"href":"https:\/\/www.alphaventure.ca\/en\/wp-json\/wp\/v2\/users\/2"}],"replies":[{"embeddable":true,"href":"https:\/\/www.alphaventure.ca\/en\/wp-json\/wp\/v2\/comments?post=435"}],"version-history":[{"count":6,"href":"https:\/\/www.alphaventure.ca\/en\/wp-json\/wp\/v2\/pages\/435\/revisions"}],"predecessor-version":[{"id":1080,"href":"https:\/\/www.alphaventure.ca\/en\/wp-json\/wp\/v2\/pages\/435\/revisions\/1080"}],"wp:attachment":[{"href":"https:\/\/www.alphaventure.ca\/en\/wp-json\/wp\/v2\/media?parent=435"}],"curies":[{"name":"wp","href":"https:\/\/api.w.org\/{rel}","templated":true}]}}